{"id":41640,"date":"2026-01-13T11:04:50","date_gmt":"2026-01-13T09:04:50","guid":{"rendered":"https:\/\/twodots.gr\/\u03c0\u03c1\u03bf\u03ca\u03cc\u03bd\u03c4\u03b1\/uncategorized\/asus-pc-expertcenter-d7-sff-d701sert-gr73c1x-i7-14700-16gb-512gb-ssd-intel-uhd-graphics-dvd%c2%b1rw-win-11-pro-5y-nbd-black\/"},"modified":"2026-04-02T20:37:22","modified_gmt":"2026-04-02T17:37:22","slug":"asus-pc-expertcenter-d7-sff-d701sert-gr73c1x-i7-14700-16gb-512gb-ssd-intel-uhd-grafik-dvd%c2%b1rw-win-11-pro-5y-nbd-schwarz","status":"publish","type":"product","link":"https:\/\/twodots.gr\/de\/\u03c0\u03c1\u03bf\u03ca\u03cc\u03bd\u03c4\u03b1\/etoima-systimata-desktop\/asus-pc-expertcenter-d7-sff-d701sert-gr73c1x-i7-14700-16gb-512gb-ssd-intel-uhd-graphics-dvd%c2%b1rw-win-11-pro-5y-nbd-black\/","title":{"rendered":"ASUS PC ExpertCenter D7 SFF D701SERT-GR73C1X i7-14700\/16GB\/512GB SSD\/Intel UHD Grafik\/DVD\u00b1RW\/Win 11 Pro\/5Y NBD\/Schwarz"},"content":{"rendered":"<p>Der ASUS PC ExpertCenter D7 SFF D701SERT-GR73C1X ist ein Business-Desktop der Spitzenklasse, der Leistung und Zuverl\u00e4ssigkeit vereint. Mit einem Intel i7-14700 Prozessor ist dieses System ideal f\u00fcr Profis, die bei ihrer t\u00e4glichen Arbeit hohe Leistung und Stabilit\u00e4t ben\u00f6tigen.<\/p>\n<ul>\n<li>Prozessor: Intel i7-14700 f\u00fcr au\u00dfergew\u00f6hnliche Leistung und Geschwindigkeit.<\/li>\n<li>RAM: 16 GB f\u00fcr nahtloses Multitasking.<\/li>\n<li>Speicher: 512 GB SSD f\u00fcr schnellen Zugriff auf Ihre Daten.<\/li>\n<li>Grafik: Intel UHD-Grafik f\u00fcr makellose Grafik.<\/li>\n<li>Betriebssystem: Windows 11 Pro f\u00fcr ein verbessertes professionelles Erlebnis.<\/li>\n<li>Optische Disc: DVD\u00b1RW f\u00fcr Wiedergabe und Aufnahme.<\/li>\n<li>Plan: Elegantes und professionelles schwarzes Geh\u00e4use in kleinen Abmessungen.<\/li>\n<li>Support: 5 Jahre NBD f\u00fcr eine zuverl\u00e4ssige technische Abdeckung.<\/li>\n<\/ul>\n<p>Holen Sie sich noch heute das ASUS PC ExpertCenter D7 SFF D701SERT-GR73C1X und erhalten Sie die un\u00fcbertroffene Leistung und Zuverl\u00e4ssigkeit, die Sie f\u00fcr Ihr Unternehmen ben\u00f6tigen.<\/p>","protected":false},"excerpt":{"rendered":"<p>Das ASUS PC ExpertCenter D7 SFF D701SERT-GR73C1X bietet mit einem i7-14700-Prozessor, 16 GB RAM und einer 512-GB-SSD Power und professionelle Leistung. Mit integrierter Intel UHD-Grafik, DVD\u00b1RW und Windows 11 Pro ist er ideal f\u00fcr den gesch\u00e4ftlichen Einsatz. Genie\u00dfen Sie Komfort und Sicherheit mit einer 5-j\u00e4hrigen NBD-Garantie in elegantem Schwarz.<\/p>","protected":false},"featured_media":41641,"comment_status":"open","ping_status":"open","template":"","meta":{"_gspb_post_css":""},"product_brand":[411],"product_cat":[415],"product_tag":[],"class_list":{"0":"post-41640","1":"product","2":"type-product","3":"status-publish","4":"has-post-thumbnail","6":"product_brand-asus","7":"product_cat-etoima-systimata-desktop","8":"pa_bluetooth-nai","9":"pa_card-reader-nai","10":"pa_diathesimotita-diathesimo","11":"pa_diktyo-ethernet-10-100-1000-wifi-bluetooth","12":"pa_ekdosi-os-windows-11-pro-en-gr-64-bit","13":"pa_engyisi-mines-3293","14":"pa_ethernet-nai","15":"pa_gpu-ram-shared","16":"pa_hdmi-2555","17":"pa_kataskevastis-cpu-intel","18":"pa_oikogeneia-cpu-core-i7","19":"pa_typos-engyisis-60-months-on-site-response-next-business-day","20":"pa_wifi-wifi-6","21":"pa_ypodochi-audio-ochi","23":"first","24":"instock","25":"taxable","26":"shipping-taxable","27":"purchasable","28":"product-type-simple"},"_links":{"self":[{"href":"https:\/\/twodots.gr\/de\/wp-json\/wp\/v2\/product\/41640","targetHints":{"allow":["GET"]}}],"collection":[{"href":"https:\/\/twodots.gr\/de\/wp-json\/wp\/v2\/product"}],"about":[{"href":"https:\/\/twodots.gr\/de\/wp-json\/wp\/v2\/types\/product"}],"replies":[{"embeddable":true,"href":"https:\/\/twodots.gr\/de\/wp-json\/wp\/v2\/comments?post=41640"}],"wp:featuredmedia":[{"embeddable":true,"href":"https:\/\/twodots.gr\/de\/wp-json\/wp\/v2\/media\/41641"}],"wp:attachment":[{"href":"https:\/\/twodots.gr\/de\/wp-json\/wp\/v2\/media?parent=41640"}],"wp:term":[{"taxonomy":"product_brand","embeddable":true,"href":"https:\/\/twodots.gr\/de\/wp-json\/wp\/v2\/product_brand?post=41640"},{"taxonomy":"product_cat","embeddable":true,"href":"https:\/\/twodots.gr\/de\/wp-json\/wp\/v2\/product_cat?post=41640"},{"taxonomy":"product_tag","embeddable":true,"href":"https:\/\/twodots.gr\/de\/wp-json\/wp\/v2\/product_tag?post=41640"}],"curies":[{"name":"wp","href":"https:\/\/api.w.org\/{rel}","templated":true}]}}