{"id":42210,"date":"2026-01-12T20:57:08","date_gmt":"2026-01-12T18:57:08","guid":{"rendered":"https:\/\/twodots.gr\/\u03c0\u03c1\u03bf\u03ca\u03cc\u03bd\u03c4\u03b1\/uncategorized\/dell-pro-tower-qct1250-i5-14500-16gb-512gb-ssd-uhd-graphics-win-11-pro-5y-prosupport-nbd\/"},"modified":"2026-04-02T20:42:20","modified_gmt":"2026-04-02T17:42:20","slug":"dell-pro-tower-qct1250-i5-14500-16gb-512gb-ssd-uhd-grafik-win-11-pro-5y-prosupport-nbd","status":"publish","type":"product","link":"https:\/\/twodots.gr\/de\/\u03c0\u03c1\u03bf\u03ca\u03cc\u03bd\u03c4\u03b1\/etoima-systimata-desktop\/dell-pro-tower-qct1250-i5-14500-16gb-512gb-ssd-uhd-graphics-win-11-pro-5y-prosupport-nbd\/","title":{"rendered":"DELL Pro Tower QCT1250\/i5-14500\/16GB\/512GB SSD\/UHD Grafik\/Win 11 Pro\/5Y Prosupport NBD"},"content":{"rendered":"<p>Der DELL Pro Tower QCT1250 ist die ideale L\u00f6sung f\u00fcr Profis und Unternehmen, die hohe Leistung und Zuverl\u00e4ssigkeit verlangen. Ausgestattet mit einem Intel Core i5-14500 Prozessor und 16 GB Arbeitsspeicher bietet dieser Desktop-Computer die Leistung und Geschwindigkeit, die Sie ben\u00f6tigen, um jede Aufgabe effizient zu erledigen. Der gro\u00dfe 512-GB-SSD-Speicher sorgt f\u00fcr schnelles Booten und sofortigen Zugriff auf Ihre Dateien, w\u00e4hrend die UHD-Grafik f\u00fcr ein hervorragendes visuelles Erlebnis sorgt. Mit dem Betriebssystem Windows 11 Pro und dem Prosupport NBD-Support f\u00fcr 5 Jahre ist dieser Computer bereit, alle Ihre Anforderungen zu erf\u00fcllen.<\/p>\n<ul>\n<li>Herausragende Leistung mit dem Intel Core i5-14500 Prozessor<\/li>\n<li>Erh\u00f6hte Geschwindigkeit und Reaktionsf\u00e4higkeit mit 16 GB RAM<\/li>\n<li>Schneller Speicher und Zugriff mit 512 GB SSD<\/li>\n<li>Hochwertige Grafiken mit UHD-Grafik<\/li>\n<li>Verl\u00e4sslichkeit und Flexibilit\u00e4t durch Windows 11 Pro<\/li>\n<li>Volle Unterst\u00fctzung und Sicherheit mit 5 Jahren Prosupport NBD<\/li>\n<\/ul>\n<p>Verpassen Sie nicht die Gelegenheit, Ihr Unternehmen mit dem DELL Pro Tower QCT1250 aufzur\u00fcsten. Holen Sie ihn sich noch heute und genie\u00dfen Sie die Spitzenleistung und Zuverl\u00e4ssigkeit, die er bietet!<\/p>","protected":false},"excerpt":{"rendered":"<p>Steigern Sie Ihre Produktivit\u00e4t mit dem DELL Pro Tower QCT1250, ausgestattet mit einem i5-14500-Prozessor, 16 GB RAM und 512 GB SSD. Genie\u00dfen Sie hohe Leistung und Grafik mit UHD-Grafik und Windows 11 Pro, w\u00e4hrend die 5-j\u00e4hrige Prosupport NBD-Garantie Sicherheit und sofortigen Support gew\u00e4hrleistet.<\/p>","protected":false},"featured_media":42211,"comment_status":"open","ping_status":"open","template":"","meta":{"_gspb_post_css":""},"product_brand":[260],"product_cat":[415],"product_tag":[],"class_list":{"0":"post-42210","1":"product","2":"type-product","3":"status-publish","4":"has-post-thumbnail","6":"product_brand-dell","7":"product_cat-etoima-systimata-desktop","8":"pa_bluetooth-ochi","9":"pa_card-reader-ochi","10":"pa_diathesimotita-diathesimo","11":"pa_diktyo-ethernet-10-100-1000","12":"pa_ekdosi-os-windows-11-pro-en","13":"pa_engyisi-mines-3293","14":"pa_epiprostheta-front2-usb-2-0-480-mbps-ports1-usb-3-2-gen-1-5-gbps-type-c-port1-usb-3-2-gen-1-5-gbps-port1-global-headset-jackrearfor-computers-shipped-with-an-i5-14500-vpro-i5-14600-vpro-i7-14700-vpro-proc","15":"pa_ethernet-nai","16":"pa_gpu-ram-shared","17":"pa_hdmi-2555","18":"pa_kataskevastis-cpu-intel","19":"pa_oikogeneia-cpu-core-i5","20":"pa_typos-engyisis-60-months-prosupport-and-next-business-day-onsite-service","21":"pa_ypodochi-audio-nai","23":"first","24":"instock","25":"taxable","26":"shipping-taxable","27":"purchasable","28":"product-type-simple"},"_links":{"self":[{"href":"https:\/\/twodots.gr\/de\/wp-json\/wp\/v2\/product\/42210","targetHints":{"allow":["GET"]}}],"collection":[{"href":"https:\/\/twodots.gr\/de\/wp-json\/wp\/v2\/product"}],"about":[{"href":"https:\/\/twodots.gr\/de\/wp-json\/wp\/v2\/types\/product"}],"replies":[{"embeddable":true,"href":"https:\/\/twodots.gr\/de\/wp-json\/wp\/v2\/comments?post=42210"}],"wp:featuredmedia":[{"embeddable":true,"href":"https:\/\/twodots.gr\/de\/wp-json\/wp\/v2\/media\/42211"}],"wp:attachment":[{"href":"https:\/\/twodots.gr\/de\/wp-json\/wp\/v2\/media?parent=42210"}],"wp:term":[{"taxonomy":"product_brand","embeddable":true,"href":"https:\/\/twodots.gr\/de\/wp-json\/wp\/v2\/product_brand?post=42210"},{"taxonomy":"product_cat","embeddable":true,"href":"https:\/\/twodots.gr\/de\/wp-json\/wp\/v2\/product_cat?post=42210"},{"taxonomy":"product_tag","embeddable":true,"href":"https:\/\/twodots.gr\/de\/wp-json\/wp\/v2\/product_tag?post=42210"}],"curies":[{"name":"wp","href":"https:\/\/api.w.org\/{rel}","templated":true}]}}