{"id":42242,"date":"2026-01-12T21:14:27","date_gmt":"2026-01-12T19:14:27","guid":{"rendered":"https:\/\/twodots.gr\/\u03c0\u03c1\u03bf\u03ca\u03cc\u03bd\u03c4\u03b1\/uncategorized\/dell-pc-alienware-area-51-aat2250-ultra-9-285k-64gb-2tb-ssd-rtx-5080-16gb-wifi-win-11-pro-2y-nbd-glass-door\/"},"modified":"2026-04-02T20:51:49","modified_gmt":"2026-04-02T17:51:49","slug":"dell-pc-alienware-bereich-51-aat2250-ultra-9-285k-64gb-2tb-ssd-rtx-5080-16gb-wifi-win-11-pro-2y-nbd-glas-tur","status":"publish","type":"product","link":"https:\/\/twodots.gr\/de\/\u03c0\u03c1\u03bf\u03ca\u03cc\u03bd\u03c4\u03b1\/etoima-systimata-desktop\/dell-pc-alienware-area-51-aat2250-ultra-9-285k-64gb-2tb-ssd-rtx-5080-16gb-wifi-win-11-pro-2y-nbd-glass-door\/","title":{"rendered":"DELL PC Alienware Area 51 AAT2250\/Ultra 9-285K\/64GB\/2TB SSD\/RTX 5080 16GB\/WiFi\/Win 11 Pro\/2Y NBD\/Glast\u00fcr"},"content":{"rendered":"<p>Mit der un\u00fcbertroffenen Leistung des Ultra 9-285K-Prozessors, 64 GB RAM und der 16 GB RTX 5080-Grafikkarte ist dieses System ideal f\u00fcr Gamer und Content-Ersteller, die unvorstellbare Geschwindigkeiten und grenzenlose Leistung verlangen.<\/p>\n<ul>\n<li>Ausgezeichneter Speicherplatz mit 2 TB SSDs f\u00fcr sofortigen Zugriff und schnelle Bootzeiten.<\/li>\n<li>Zuverl\u00e4ssiges und schnelles WiFi f\u00fcr drahtlose High-Speed-Verbindungen.<\/li>\n<li>Windows 11 Pro ist f\u00fcr erweiterte Funktionen und Sicherheit vorinstalliert.<\/li>\n<li>Beeindruckendes Design mit einer Glast\u00fcr, die \u00c4sthetik und Funktionalit\u00e4t vereint.<\/li>\n<li>2 Jahre NBD-Garantie (Next Business Day) f\u00fcr sofortigen technischen Support.<\/li>\n<\/ul>\n<p>Erleben Sie das ultimative Benutzererlebnis und maximieren Sie Ihre Kreativit\u00e4t und Produktivit\u00e4t mit dem DELL PC Alienware. Kaufen Sie ihn jetzt und verwandeln Sie Ihren PC in ein leistungsstarkes Werkzeug.<\/p>","protected":false},"excerpt":{"rendered":"<p>Entdecken Sie den leistungsstarken Dell Alienware Area 51 AAT2250 PC mit Ultra 9-285K Prozessor, 64GB RAM und 2TB SSD f\u00fcr blitzschnelle Geschwindigkeiten. Mit einer leistungsstarken 16GB RTX 5080 16GB Grafikkarte und Windows 11 Pro k\u00f6nnen Sie Spiele und Aufgaben ohne Einschr\u00e4nkungen genie\u00dfen. 2 Jahre NBD-Garantie und schlankes Design mit Glast\u00fcr.<\/p>","protected":false},"featured_media":42243,"comment_status":"open","ping_status":"open","template":"","meta":{"_gspb_post_css":""},"product_brand":[260],"product_cat":[415],"product_tag":[],"class_list":{"0":"post-42242","1":"product","2":"type-product","3":"status-publish","4":"has-post-thumbnail","6":"product_brand-dell","7":"product_cat-etoima-systimata-desktop","8":"pa_bluetooth-nai","9":"pa_card-reader-ochi","10":"pa_diathesimotita-anamenetai","11":"pa_diktyo-ethernet-10-100-1000-2500-wifi-bluetooth","12":"pa_ekdosi-os-windows-11-pro-en","13":"pa_engyisi-mines-3291","14":"pa_epiprostheta-rtx-5080-16gb-3x-displayport-2-1b-1x-hdmi-2-1b-port-psu-1500w-platinum-liquid-cooled-cpu","15":"pa_ethernet-nai","16":"pa_gpu-ram-16gb","17":"pa_kataskevastis-cpu-intel","18":"pa_oikogeneia-cpu-core-ultra-9","19":"pa_typos-engyisis-24-months-on-site-repair-next-business-day","20":"pa_wifi-wifi-7","21":"pa_ypodochi-audio-nai","23":"first","24":"onbackorder","25":"taxable","26":"shipping-taxable","27":"purchasable","28":"product-type-simple"},"_links":{"self":[{"href":"https:\/\/twodots.gr\/de\/wp-json\/wp\/v2\/product\/42242","targetHints":{"allow":["GET"]}}],"collection":[{"href":"https:\/\/twodots.gr\/de\/wp-json\/wp\/v2\/product"}],"about":[{"href":"https:\/\/twodots.gr\/de\/wp-json\/wp\/v2\/types\/product"}],"replies":[{"embeddable":true,"href":"https:\/\/twodots.gr\/de\/wp-json\/wp\/v2\/comments?post=42242"}],"wp:featuredmedia":[{"embeddable":true,"href":"https:\/\/twodots.gr\/de\/wp-json\/wp\/v2\/media\/42243"}],"wp:attachment":[{"href":"https:\/\/twodots.gr\/de\/wp-json\/wp\/v2\/media?parent=42242"}],"wp:term":[{"taxonomy":"product_brand","embeddable":true,"href":"https:\/\/twodots.gr\/de\/wp-json\/wp\/v2\/product_brand?post=42242"},{"taxonomy":"product_cat","embeddable":true,"href":"https:\/\/twodots.gr\/de\/wp-json\/wp\/v2\/product_cat?post=42242"},{"taxonomy":"product_tag","embeddable":true,"href":"https:\/\/twodots.gr\/de\/wp-json\/wp\/v2\/product_tag?post=42242"}],"curies":[{"name":"wp","href":"https:\/\/api.w.org\/{rel}","templated":true}]}}