{"id":42247,"date":"2026-01-12T21:14:30","date_gmt":"2026-01-12T19:14:30","guid":{"rendered":"https:\/\/twodots.gr\/\u03c0\u03c1\u03bf\u03ca\u03cc\u03bd\u03c4\u03b1\/uncategorized\/dell-pc-alienware-area-51-aat2250-ultra-9-285k-64gb-4tb-ssd-rtx-5090-32gb-wifi-win-11-pro-2y-nbd-glass-door\/"},"modified":"2026-04-02T20:52:02","modified_gmt":"2026-04-02T17:52:02","slug":"dell-pc-alienware-bereich-51-aat2250-ultra-9-285k-64gb-4tb-ssd-rtx-5090-32gb-wifi-win-11-pro-2y-nbd-glas-tur","status":"publish","type":"product","link":"https:\/\/twodots.gr\/de\/\u03c0\u03c1\u03bf\u03ca\u03cc\u03bd\u03c4\u03b1\/etoima-systimata-desktop\/dell-pc-alienware-area-51-aat2250-ultra-9-285k-64gb-4tb-ssd-rtx-5090-32gb-wifi-win-11-pro-2y-nbd-glass-door\/","title":{"rendered":"DELL PC Alienware Area 51 AAT2250\/Ultra 9-285K\/64GB\/4TB SSD\/RTX 5090 32GB\/WiFi\/Win 11 Pro\/2Y NBD\/Glast\u00fcr"},"content":{"rendered":"<p>Der DELL Alienware Area 51 AAT2250 PC ist die ultimative L\u00f6sung f\u00fcr Technologie- und Spiele-Enthusiasten und bietet Spitzenleistung und anspruchsvolles Design. Dieser PC ist ideal f\u00fcr professionelle Gamer und Content-Ersteller und kombiniert ultimative Geschwindigkeit und unvergleichliche Leistung f\u00fcr ein nahtloses Benutzererlebnis.<\/p>\n<ul>\n<li>Ausgestattet mit dem leistungsstarken Ultra 9-285K-Prozessor f\u00fcr un\u00fcbertroffene Geschwindigkeit bei der Arbeit.<\/li>\n<li>64 GB Arbeitsspeicher f\u00fcr reibungslose Multitasking-Leistung auch bei anspruchsvollen Anwendungen.<\/li>\n<li>Riesiger 4TB SSD-Speicher zum Speichern aller wichtigen Dateien und Programme.<\/li>\n<li>RTX 5090 32GB-Grafikkarte, die atemberaubende Grafik und High-Definition Virtual Reality liefert.<\/li>\n<li>Integriertes WiFi f\u00fcr eine einfache drahtlose Verbindung.<\/li>\n<li>Vorinstalliertes Windows 11 Pro-Betriebssystem f\u00fcr modernen und sicheren Betrieb.<\/li>\n<li>Zwei Jahre Next Business Day (NBD)-Garantie f\u00fcr Seelenfrieden und Support.<\/li>\n<li>Diskretes und robustes Design mit einer Glast\u00fcr, die das Innere des Systems hervorhebt.<\/li>\n<\/ul>\n<p>Erleben Sie das ultimative Benutzererlebnis mit dem DELL PC Alienware Area 51. Legen Sie ihn noch heute in Ihren Warenkorb und holen Sie sich Spitzentechnologie f\u00fcr Ihre Bed\u00fcrfnisse.<\/p>","protected":false},"excerpt":{"rendered":"<p>Mit dem DELL Alienware Area 51 AAT2250 PC, der mit einem Ultra 9-285K-Prozessor, 64 GB Arbeitsspeicher und einer beeindruckenden 32 GB RTX 5090-Grafikkarte ausgestattet ist, erleben Sie eine neue Dimension. Speichern Sie alles auf einer 4TB SSD und genie\u00dfen Sie nahtlose Konnektivit\u00e4t mit WiFi und Windows 11 Pro. Im Lieferumfang sind eine 2-j\u00e4hrige Next Business Day-Garantie und eine elegante Glasabdeckung enthalten.<\/p>","protected":false},"featured_media":42248,"comment_status":"open","ping_status":"open","template":"","meta":{"_gspb_post_css":""},"product_brand":[260],"product_cat":[415],"product_tag":[],"class_list":{"0":"post-42247","1":"product","2":"type-product","3":"status-publish","4":"has-post-thumbnail","6":"product_brand-dell","7":"product_cat-etoima-systimata-desktop","8":"pa_bluetooth-nai","9":"pa_card-reader-ochi","10":"pa_diathesimotita-anamenetai","11":"pa_diktyo-ethernet-10-100-1000-2500-wifi-bluetooth","12":"pa_ekdosi-os-windows-11-pro-en","13":"pa_engyisi-mines-3291","14":"pa_epiprostheta-rtx-5090-32gb-3x-displayport-2-1b-1x-hdmi-2-1b-port-psu-1500w-platinum-liquid-cooled-cpu","15":"pa_ethernet-nai","16":"pa_gpu-ram-32gb","17":"pa_kataskevastis-cpu-intel","18":"pa_oikogeneia-cpu-core-ultra-9","19":"pa_typos-engyisis-24-months-on-site-repair-next-business-day","20":"pa_wifi-wifi-7","21":"pa_ypodochi-audio-nai","23":"first","24":"onbackorder","25":"taxable","26":"shipping-taxable","27":"purchasable","28":"product-type-simple"},"_links":{"self":[{"href":"https:\/\/twodots.gr\/de\/wp-json\/wp\/v2\/product\/42247","targetHints":{"allow":["GET"]}}],"collection":[{"href":"https:\/\/twodots.gr\/de\/wp-json\/wp\/v2\/product"}],"about":[{"href":"https:\/\/twodots.gr\/de\/wp-json\/wp\/v2\/types\/product"}],"replies":[{"embeddable":true,"href":"https:\/\/twodots.gr\/de\/wp-json\/wp\/v2\/comments?post=42247"}],"wp:featuredmedia":[{"embeddable":true,"href":"https:\/\/twodots.gr\/de\/wp-json\/wp\/v2\/media\/42248"}],"wp:attachment":[{"href":"https:\/\/twodots.gr\/de\/wp-json\/wp\/v2\/media?parent=42247"}],"wp:term":[{"taxonomy":"product_brand","embeddable":true,"href":"https:\/\/twodots.gr\/de\/wp-json\/wp\/v2\/product_brand?post=42247"},{"taxonomy":"product_cat","embeddable":true,"href":"https:\/\/twodots.gr\/de\/wp-json\/wp\/v2\/product_cat?post=42247"},{"taxonomy":"product_tag","embeddable":true,"href":"https:\/\/twodots.gr\/de\/wp-json\/wp\/v2\/product_tag?post=42247"}],"curies":[{"name":"wp","href":"https:\/\/api.w.org\/{rel}","templated":true}]}}