{"id":43201,"date":"2026-01-13T13:22:16","date_gmt":"2026-01-13T11:22:16","guid":{"rendered":"https:\/\/twodots.gr\/\u03c0\u03c1\u03bf\u03ca\u03cc\u03bd\u03c4\u03b1\/uncategorized\/kingston-memory-kvr32s22s6-4-ddr4-sodimm-3200mt-s-single-rank-4gb\/"},"modified":"2026-04-02T21:00:38","modified_gmt":"2026-04-02T18:00:38","slug":"kingston-speicher-kvr32s22s6-4-ddr4-sodimm-3200mt-s-single-rank-4gb","status":"publish","type":"product","link":"https:\/\/twodots.gr\/de\/\u03c0\u03c1\u03bf\u03ca\u03cc\u03bd\u03c4\u03b1\/mnimes-ram\/kingston-memory-kvr32s22s6-4-ddr4-sodimm-3200mt-s-single-rank-4gb\/","title":{"rendered":"KINGSTON Speicher KVR32S22S6\/4, DDR4 SODIMM, 3200MT\/s, Single Rank, 4GB"},"content":{"rendered":"<p>Der Kingston Speicher KVR32S22S6\/4 ist die ideale Wahl f\u00fcr alle, die die Leistung ihres Laptops mit zuverl\u00e4ssigem und effizientem Speicher aufr\u00fcsten m\u00f6chten. Mit der DDR4 SODIMM-Technologie und einer Geschwindigkeit von 3200MT\/s sorgt dieser 4-GB-Speicher daf\u00fcr, dass Ihre t\u00e4glichen Aufgaben schneller und effizienter erledigt werden.<\/p>\n<ul>\n<li>Verbesserte Leistung mit DDR4-Technologie.<\/li>\n<li>Hohe Arbeitsgeschwindigkeit von 3200MT\/s.<\/li>\n<li>Dank des SODIMM-Typs f\u00fcr den Einsatz in Laptops geeignet.<\/li>\n<li>Einzelrang f\u00fcr erh\u00f6hte Zuverl\u00e4ssigkeit.<\/li>\n<\/ul>\n<p>R\u00fcsten Sie noch heute mit der Kingston Memory KVR32S22S6\/4 auf und erleben Sie ein \u00fcberragendes Benutzererlebnis. Holen Sie sich den Speicher jetzt und genie\u00dfen Sie die Vorteile einer schnellen Reaktion und zuverl\u00e4ssigen Leistung.<\/p>","protected":false},"excerpt":{"rendered":"<p>Steigern Sie die Leistung Ihres Laptops mit dem KINGSTON KVR32S22S6\/4 DDR4 SODIMM 3200MT\/s Speicher. Ideal f\u00fcr schnellere Datenverarbeitung mit 4 GB Kapazit\u00e4t in Single Rank.<\/p>","protected":false},"featured_media":43202,"comment_status":"open","ping_status":"open","template":"","meta":{"_gspb_post_css":""},"product_brand":[3014],"product_cat":[3003],"product_tag":[],"class_list":{"0":"post-43201","1":"product","2":"type-product","3":"status-publish","4":"has-post-thumbnail","6":"product_brand-kingston","7":"product_cat-mnimes-ram","8":"pa_diathesimotita-diathesimo","9":"pa_engyisi-mines-lifetime","11":"first","12":"instock","13":"taxable","14":"shipping-taxable","15":"purchasable","16":"product-type-simple"},"_links":{"self":[{"href":"https:\/\/twodots.gr\/de\/wp-json\/wp\/v2\/product\/43201","targetHints":{"allow":["GET"]}}],"collection":[{"href":"https:\/\/twodots.gr\/de\/wp-json\/wp\/v2\/product"}],"about":[{"href":"https:\/\/twodots.gr\/de\/wp-json\/wp\/v2\/types\/product"}],"replies":[{"embeddable":true,"href":"https:\/\/twodots.gr\/de\/wp-json\/wp\/v2\/comments?post=43201"}],"wp:featuredmedia":[{"embeddable":true,"href":"https:\/\/twodots.gr\/de\/wp-json\/wp\/v2\/media\/43202"}],"wp:attachment":[{"href":"https:\/\/twodots.gr\/de\/wp-json\/wp\/v2\/media?parent=43201"}],"wp:term":[{"taxonomy":"product_brand","embeddable":true,"href":"https:\/\/twodots.gr\/de\/wp-json\/wp\/v2\/product_brand?post=43201"},{"taxonomy":"product_cat","embeddable":true,"href":"https:\/\/twodots.gr\/de\/wp-json\/wp\/v2\/product_cat?post=43201"},{"taxonomy":"product_tag","embeddable":true,"href":"https:\/\/twodots.gr\/de\/wp-json\/wp\/v2\/product_tag?post=43201"}],"curies":[{"name":"wp","href":"https:\/\/api.w.org\/{rel}","templated":true}]}}