{"id":43314,"date":"2026-01-13T13:29:51","date_gmt":"2026-01-13T11:29:51","guid":{"rendered":"https:\/\/twodots.gr\/\u03c0\u03c1\u03bf\u03ca\u03cc\u03bd\u03c4\u03b1\/uncategorized\/kingston-memory-kvr32n22s8-16-ddr4-3200mt-s-single-rank-16gb\/"},"modified":"2026-04-02T21:05:40","modified_gmt":"2026-04-02T18:05:40","slug":"kingston-speicher-kvr32n22s8-16-ddr4-3200mt-s-single-rank-16gb","status":"publish","type":"product","link":"https:\/\/twodots.gr\/de\/\u03c0\u03c1\u03bf\u03ca\u03cc\u03bd\u03c4\u03b1\/mnimes-ram\/kingston-memory-kvr32n22s8-16-ddr4-3200mt-s-single-rank-16gb\/","title":{"rendered":"KINGSTON Speicher KVR32N22S8\/16, DDR4, 3200MT\/s, Single Rank, 16GB"},"content":{"rendered":"<p>Der Kingston Memory KVR32N22S8\/16 ist die ideale L\u00f6sung f\u00fcr Benutzer, die eine \u00fcberragende RAM-Leistung suchen. Dieser DDR4-Speicher mit einer Betriebsfrequenz von 3200MT\/s und einer Kapazit\u00e4t von 16 GB bietet eine schnelle und zuverl\u00e4ssige Leistung und ist damit ideal f\u00fcr anspruchsvolle Anwendungen und Spiele.<\/p>\n<ul>\n<li>DDR4-Technologie f\u00fcr h\u00f6here Leistung und geringeren Stromverbrauch.<\/li>\n<li>3200MT\/s Geschwindigkeit f\u00fcr schnelle Leistung bei anspruchsvollen Anwendungen.<\/li>\n<li>Single Rank Design f\u00fcr bessere Kompatibilit\u00e4t mit modernen Motherboards.<\/li>\n<li>16 GB Speicherkapazit\u00e4t, die ein hervorragendes Multitasking-Erlebnis gew\u00e4hrleistet.<\/li>\n<\/ul>\n<p>Steigern Sie Ihr System mit dem Kingston Speicher KVR32N22S8\/16 und erleben Sie die Spitzenleistung, die Sie suchen. Bestellen Sie noch heute und r\u00fcsten Sie Ihre Computerumgebung auf!<\/p>","protected":false},"excerpt":{"rendered":"<p>Steigern Sie die Leistung Ihres Computers mit dem Kingston KVR32N22S8\/16 DDR4, 3200MT\/s Speicher. Mit 16 GB Single Rank bietet er Geschwindigkeit und Zuverl\u00e4ssigkeit f\u00fcr anspruchsvolle Anwendungen. Die ideale Wahl f\u00fcr einen schnellen und effizienten Betrieb.<\/p>","protected":false},"featured_media":43315,"comment_status":"open","ping_status":"open","template":"","meta":{"_gspb_post_css":""},"product_brand":[3014],"product_cat":[3003],"product_tag":[],"class_list":{"0":"post-43314","1":"product","2":"type-product","3":"status-publish","4":"has-post-thumbnail","6":"product_brand-kingston","7":"product_cat-mnimes-ram","8":"pa_diathesimotita-diathesimo","9":"pa_engyisi-mines-lifetime","11":"first","12":"instock","13":"taxable","14":"shipping-taxable","15":"purchasable","16":"product-type-simple"},"_links":{"self":[{"href":"https:\/\/twodots.gr\/de\/wp-json\/wp\/v2\/product\/43314","targetHints":{"allow":["GET"]}}],"collection":[{"href":"https:\/\/twodots.gr\/de\/wp-json\/wp\/v2\/product"}],"about":[{"href":"https:\/\/twodots.gr\/de\/wp-json\/wp\/v2\/types\/product"}],"replies":[{"embeddable":true,"href":"https:\/\/twodots.gr\/de\/wp-json\/wp\/v2\/comments?post=43314"}],"wp:featuredmedia":[{"embeddable":true,"href":"https:\/\/twodots.gr\/de\/wp-json\/wp\/v2\/media\/43315"}],"wp:attachment":[{"href":"https:\/\/twodots.gr\/de\/wp-json\/wp\/v2\/media?parent=43314"}],"wp:term":[{"taxonomy":"product_brand","embeddable":true,"href":"https:\/\/twodots.gr\/de\/wp-json\/wp\/v2\/product_brand?post=43314"},{"taxonomy":"product_cat","embeddable":true,"href":"https:\/\/twodots.gr\/de\/wp-json\/wp\/v2\/product_cat?post=43314"},{"taxonomy":"product_tag","embeddable":true,"href":"https:\/\/twodots.gr\/de\/wp-json\/wp\/v2\/product_tag?post=43314"}],"curies":[{"name":"wp","href":"https:\/\/api.w.org\/{rel}","templated":true}]}}