{"id":43477,"date":"2026-01-13T15:06:18","date_gmt":"2026-01-13T13:06:18","guid":{"rendered":"https:\/\/twodots.gr\/\u03c0\u03c1\u03bf\u03ca\u03cc\u03bd\u03c4\u03b1\/uncategorized\/kyocera-printer-taskalfa-408ci-multifunction-color-laser-a4\/"},"modified":"2026-04-02T21:10:59","modified_gmt":"2026-04-02T18:10:59","slug":"kyocera-drucker-taskalfa-408ci-multifunktions-farblaser-a4","status":"publish","type":"product","link":"https:\/\/twodots.gr\/de\/\u03c0\u03c1\u03bf\u03ca\u03cc\u03bd\u03c4\u03b1\/polymichanimata\/kyocera-printer-taskalfa-408ci-multifunction-color-laser-a4\/","title":{"rendered":"KYOCERA Drucker TASKalfa 408ci Multifunktions-Farblaser A4"},"content":{"rendered":"<p>Der KYOCERA TASKalfa 408ci ist ein multifunktionaler Farblaserdrucker f\u00fcr professionelle Anwender und Unternehmen, die hohe Leistung und Zuverl\u00e4ssigkeit im Dokumentenmanagement ben\u00f6tigen. Mit seiner A4-Druckfunktion ist er ideal f\u00fcr kleine bis mittelgro\u00dfe Arbeitsgruppen, die effiziente und hochwertige Farbdrucke ben\u00f6tigen.<\/p>\n<ul>\n<li>Professionelle Druckqualit\u00e4t mit Lasertechnologie.<\/li>\n<li>Multifunktionales Design, das Drucken, Scannen, Kopieren und Faxen umfasst.<\/li>\n<li>Kompakte Form, die in jeder Arbeitsumgebung Platz spart.<\/li>\n<\/ul>\n<p>Entdecken Sie die zuverl\u00e4ssige Qualit\u00e4t und Multifunktionalit\u00e4t des KYOCERA Druckers TASKalfa 408ci und r\u00fcsten Sie Ihr Unternehmen noch heute auf. Verpassen Sie nicht die Gelegenheit, die Effizienz und Produktivit\u00e4t Ihres Teams mit diesem au\u00dfergew\u00f6hnlichen Drucker zu verbessern.<\/p>","protected":false},"excerpt":{"rendered":"<p>Der Multifunktionsdrucker KYOCERA TASKalfa 408ci ist ideal f\u00fcr den Farblaserdruck im A4-Format und bietet Zuverl\u00e4ssigkeit und hohe Leistung.<\/p>","protected":false},"featured_media":43478,"comment_status":"open","ping_status":"open","template":"","meta":{"_gspb_post_css":""},"product_brand":[428],"product_cat":[422],"product_tag":[],"class_list":{"0":"post-43477","1":"product","2":"type-product","3":"status-publish","4":"has-post-thumbnail","6":"product_brand-kyocera","7":"product_cat-polymichanimata","8":"pa_analysi-ektyposis-1200-x-1200","9":"pa_card-reader-ochi","10":"pa_diathesimotita-prosorina-mi-diathesimo","11":"pa_engyisi-mines-3294","12":"pa_epiprostheta-no-starter-toner","13":"pa_leitourgies-printer-scanner-copier-fax","14":"pa_syndesi-usb-2-0-ethernet","15":"pa_technologia-laser","16":"pa_typos-ektyposis-color","18":"first","19":"outofstock","20":"taxable","21":"shipping-taxable","22":"purchasable","23":"product-type-simple"},"_links":{"self":[{"href":"https:\/\/twodots.gr\/de\/wp-json\/wp\/v2\/product\/43477","targetHints":{"allow":["GET"]}}],"collection":[{"href":"https:\/\/twodots.gr\/de\/wp-json\/wp\/v2\/product"}],"about":[{"href":"https:\/\/twodots.gr\/de\/wp-json\/wp\/v2\/types\/product"}],"replies":[{"embeddable":true,"href":"https:\/\/twodots.gr\/de\/wp-json\/wp\/v2\/comments?post=43477"}],"wp:featuredmedia":[{"embeddable":true,"href":"https:\/\/twodots.gr\/de\/wp-json\/wp\/v2\/media\/43478"}],"wp:attachment":[{"href":"https:\/\/twodots.gr\/de\/wp-json\/wp\/v2\/media?parent=43477"}],"wp:term":[{"taxonomy":"product_brand","embeddable":true,"href":"https:\/\/twodots.gr\/de\/wp-json\/wp\/v2\/product_brand?post=43477"},{"taxonomy":"product_cat","embeddable":true,"href":"https:\/\/twodots.gr\/de\/wp-json\/wp\/v2\/product_cat?post=43477"},{"taxonomy":"product_tag","embeddable":true,"href":"https:\/\/twodots.gr\/de\/wp-json\/wp\/v2\/product_tag?post=43477"}],"curies":[{"name":"wp","href":"https:\/\/api.w.org\/{rel}","templated":true}]}}