{"id":43844,"date":"2026-01-12T16:45:20","date_gmt":"2026-01-12T14:45:20","guid":{"rendered":"https:\/\/twodots.gr\/\u03c0\u03c1\u03bf\u03ca\u03cc\u03bd\u03c4\u03b1\/uncategorized\/lenovo-laptop-thinkpad-l13-g5-13-3-wuxga-ips-ultra7-155u-16gb-512gb-ssd-intel-graphics-win-11-pro-3y-nbd-black\/"},"modified":"2026-04-02T21:20:22","modified_gmt":"2026-04-02T18:20:22","slug":"lenovo-laptop-thinkpad-l13-g5-13-3-wuxga-ips-ultra7-155u-16gb-512gb-ssd-intel-grafik-win-11-pro-3y-nbd-schwarz","status":"publish","type":"product","link":"https:\/\/twodots.gr\/de\/\u03c0\u03c1\u03bf\u03ca\u03cc\u03bd\u03c4\u03b1\/laptops\/lenovo-laptop-thinkpad-l13-g5-13-3-wuxga-ips-ultra7-155u-16gb-512gb-ssd-intel-graphics-win-11-pro-3y-nbd-black\/","title":{"rendered":"LENOVO Laptop ThinkPad L13 G5 13.3&apos;&apos; WUXGA IPS\/Ultra7-155U\/16GB\/512GB SSD\/Intel Grafik\/Win 11 Pro\/3Y NBD\/Schwarz"},"content":{"rendered":"<p>Entdecken Sie die ultimative Balance zwischen Mobilit\u00e4t und Leistung mit dem LENOVO Laptop ThinkPad L13 G5. Dieses Notebook wurde f\u00fcr Profis entwickelt, die unterwegs zuverl\u00e4ssige Leistung ben\u00f6tigen. Es bietet eine au\u00dfergew\u00f6hnliche Verarbeitungsqualit\u00e4t und moderne Funktionen, die alle Ihre Anforderungen erf\u00fcllen.<\/p>\n<ul>\n<li>13,3\u2033 WUXGA IPS-Display f\u00fcr lebendige und klare Grafiken.<\/li>\n<li>Ultra7-155U-Prozessor f\u00fcr reibungslosen und schnellen Betrieb.<\/li>\n<li>16 GB RAM, die mehrere gleichzeitige Aufgaben ohne Verz\u00f6gerungen erm\u00f6glichen.<\/li>\n<li>Schnelle 512 GB SSD f\u00fcr sofortigen Zugriff auf Ihre Dateien.<\/li>\n<li>Intel-Grafikkarte f\u00fcr ein verbessertes visuelles Erlebnis.<\/li>\n<li>Windows 11 Pro ist f\u00fcr modernes und sicheres Arbeiten vorinstalliert.<\/li>\n<li>Mit 3 Jahren Next Business Day (NBD) Garantie.<\/li>\n<\/ul>\n<p>Investieren Sie in das LENOVO ThinkPad L13 G5 und sichern Sie sich hohe Produktivit\u00e4t mit Eleganz. Lassen Sie sich diese Gelegenheit nicht entgehen und legen Sie es noch heute in Ihren Einkaufswagen!<\/p>","protected":false},"excerpt":{"rendered":"<p>Entdecken Sie das Lenovo ThinkPad L13 G5 mit einem 13,3-Zoll-WUXGA-IPS-Display f\u00fcr beeindruckende Bildsch\u00e4rfe, einem leistungsstarken Ultra7-155U-Prozessor und 16 GB RAM f\u00fcr nahtloses Multitasking, w\u00e4hrend die 512-GB-SSD f\u00fcr sofortige Reaktionsf\u00e4higkeit sorgt. Es wird mit Windows 11 Pro und einer 3-Jahres-NBD-Garantie geliefert und bietet Zuverl\u00e4ssigkeit und Sicherheit f\u00fcr Ihre professionellen Aufgaben.<\/p>","protected":false},"featured_media":38222,"comment_status":"open","ping_status":"open","template":"","meta":{"_gspb_post_css":""},"product_brand":[430],"product_cat":[220],"product_tag":[],"class_list":{"0":"post-43844","1":"product","2":"type-product","3":"status-publish","4":"has-post-thumbnail","6":"product_brand-lenovo","7":"product_cat-laptops","8":"pa_analysi-1920-x-1200","9":"pa_bluetooth-nai","10":"pa_card-reader-nai","11":"pa_diastasi-othonis-13-3","12":"pa_diathesimotita-diathesimo","13":"pa_diktyo-wi-fi-bluetooth","14":"pa_ekdosi-os-windows-11-pro-gr-en-64-bit","15":"pa_engyisi-mines-3292","16":"pa_epiprostheta-memory-soldered-to-systemboard-no-slots-dolby-audio-speakers-ir-camera-for-windows-hello-facial-recognition-with-privacy-shutter-greek-backlit-keyboard-smart-card-reader-nano-sim-card-slot-fi","17":"pa_ethernet-nai","18":"pa_gpu-ram-shared","19":"pa_kataskevastis-cpu-intel","20":"pa_oikogeneia-cpu-core-ultra-7","21":"pa_typos-engyisis-on-site-response-next-business-day","22":"pa_typos-gpu-ensomatomeni","23":"pa_web-camera-ir-and-1080p","24":"pa_wifi-wifi-5","25":"pa_ypodochi-audio-nai","27":"first","28":"instock","29":"taxable","30":"shipping-taxable","31":"purchasable","32":"product-type-simple"},"_links":{"self":[{"href":"https:\/\/twodots.gr\/de\/wp-json\/wp\/v2\/product\/43844","targetHints":{"allow":["GET"]}}],"collection":[{"href":"https:\/\/twodots.gr\/de\/wp-json\/wp\/v2\/product"}],"about":[{"href":"https:\/\/twodots.gr\/de\/wp-json\/wp\/v2\/types\/product"}],"replies":[{"embeddable":true,"href":"https:\/\/twodots.gr\/de\/wp-json\/wp\/v2\/comments?post=43844"}],"wp:featuredmedia":[{"embeddable":true,"href":"https:\/\/twodots.gr\/de\/wp-json\/wp\/v2\/media\/38222"}],"wp:attachment":[{"href":"https:\/\/twodots.gr\/de\/wp-json\/wp\/v2\/media?parent=43844"}],"wp:term":[{"taxonomy":"product_brand","embeddable":true,"href":"https:\/\/twodots.gr\/de\/wp-json\/wp\/v2\/product_brand?post=43844"},{"taxonomy":"product_cat","embeddable":true,"href":"https:\/\/twodots.gr\/de\/wp-json\/wp\/v2\/product_cat?post=43844"},{"taxonomy":"product_tag","embeddable":true,"href":"https:\/\/twodots.gr\/de\/wp-json\/wp\/v2\/product_tag?post=43844"}],"curies":[{"name":"wp","href":"https:\/\/api.w.org\/{rel}","templated":true}]}}