{"id":43876,"date":"2026-01-12T16:57:26","date_gmt":"2026-01-12T14:57:26","guid":{"rendered":"https:\/\/twodots.gr\/\u03c0\u03c1\u03bf\u03ca\u03cc\u03bd\u03c4\u03b1\/uncategorized\/lenovo-laptop-ideapad-5-2-in-1-14ial10-14-wuxga-oled-ultra7-255h-24gb-1tb-intel-arc-graphics-win-11-home-s-2y-car-luna-grey\/"},"modified":"2026-04-02T21:23:11","modified_gmt":"2026-04-02T18:23:11","slug":"lenovo-laptop-ideapad-5-2-in-1-14ial10-14-wuxga-oled-ultra7-255h-24gb-1tb-intel-arc-grafik-win-11-home-s-2y-auto-luna-grau","status":"publish","type":"product","link":"https:\/\/twodots.gr\/de\/\u03c0\u03c1\u03bf\u03ca\u03cc\u03bd\u03c4\u03b1\/laptops\/lenovo-laptop-ideapad-5-2-in-1-14ial10-14-wuxga-oled-ultra7-255h-24gb-1tb-intel-arc-graphics-win-11-home-s-2y-car-luna-grey\/","title":{"rendered":"LENOVO Laptop IdeaPad 5 2-in-1 14IAL10 14&apos;&apos; WUXGA OLED\/Ultra7-255H\/24GB\/1TB\/Intel Arc Grafik\/Win 11 Home S\/2Y CAR\/Luna Grau"},"content":{"rendered":"<p>Entdecken Sie das LENOVO Laptop IdeaPad 5 2-in-1 14IAL10, eine ideale Kombination aus Flexibilit\u00e4t und hoher Leistung. Dieses Modell wurde f\u00fcr Profis, Studenten und Content-Ersteller entwickelt und bietet die neueste Technologie in einem schlanken Design.<\/p>\n<ul>\n<li>14-Zoll-WUXGA-OLED-Display f\u00fcr lebendige Bilder und atemberaubende Details.<\/li>\n<li>Leistungsstarker Ultra7-255H-Prozessor f\u00fcr hervorragende Leistung bei zahlreichen Anwendungen.<\/li>\n<li>24 GB RAM sorgen f\u00fcr reibungsloses Multitasking.<\/li>\n<li>Gro\u00dfe Speicherkapazit\u00e4t von 1 TB f\u00fcr alle Ihre Dateien und Anwendungen.<\/li>\n<li>Intel Arc Graphics Grafikkarte f\u00fcr ein unvergleichliches Spiel- und Kreativ-Erlebnis.<\/li>\n<li>Windows 11 Home S Betriebssystem f\u00fcr den modernen und sicheren Einsatz.<\/li>\n<li>Stilvolles Design im Farbton Luna Grey, das in jede Umgebung passt.<\/li>\n<li>Zwei Jahre Garantie (2Y CAR) f\u00fcr umfassenden Schutz und Seelenfrieden.<\/li>\n<\/ul>\n<p>Entscheiden Sie sich f\u00fcr den LENOVO Laptop IdeaPad 5 2-in-1 f\u00fcr ein Benutzererlebnis, das h\u00f6chsten Anspr\u00fcchen gerecht wird. Bestellen Sie jetzt und bringen Sie Ihre Produktivit\u00e4t auf ein neues Niveau!<\/p>","protected":false},"excerpt":{"rendered":"<p>Das Lenovo IdeaPad 5 2-in-1-Notebook 14IAL10 bietet ein 14-Zoll-WUXGA-OLED-Display f\u00fcr au\u00dfergew\u00f6hnliche Bildqualit\u00e4t, w\u00e4hrend der Ultra7-255H-Prozessor mit 24 GB Arbeitsspeicher nahtlose Leistung verspricht. Mit 1 TB Speicherkapazit\u00e4t und Intel Arc Graphics, genie\u00dfen Sie Windows 11 Home S in einem eleganten Luna Grey Geh\u00e4use.<\/p>","protected":false},"featured_media":38378,"comment_status":"open","ping_status":"open","template":"","meta":{"_gspb_post_css":""},"product_brand":[430],"product_cat":[220],"product_tag":[],"class_list":{"0":"post-43876","1":"product","2":"type-product","3":"status-publish","4":"has-post-thumbnail","6":"product_brand-lenovo","7":"product_cat-laptops","8":"pa_analysi-1920-x-1200","9":"pa_bluetooth-nai","10":"pa_card-reader-nai","11":"pa_diastasi-othonis-1414","12":"pa_diathesimotita-periorismeni-diathesimotita","13":"pa_diktyo-wi-fi-bluetooth","14":"pa_ekdosi-os-windows-11-home-gr-en-64-bit","15":"pa_engyisi-mines-3291","16":"pa_epiprostheta-ai-pc-memory-soldered-to-systemboard-no-slots-microsd-card-reader-speakers-with-dolby-audio-ir-camera-for-windows-hello-facial-recognition-with-privacy-shutter-touchscreen-greek-backlit-keybo","17":"pa_ethernet-ochi","18":"pa_gpu-ram-shared","19":"pa_hdmi-2555","20":"pa_kataskevastis-cpu-intel","21":"pa_oikogeneia-cpu-core-ultra-7","22":"pa_panel-oled","23":"pa_typos-engyisis-on-site-pick-up-and-return","24":"pa_typos-gpu-ensomatomeni","25":"pa_web-camera-ir-and-1080p","26":"pa_wifi-wifi-7","27":"pa_ypodochi-audio-nai","29":"first","30":"instock","31":"taxable","32":"shipping-taxable","33":"purchasable","34":"product-type-simple"},"_links":{"self":[{"href":"https:\/\/twodots.gr\/de\/wp-json\/wp\/v2\/product\/43876","targetHints":{"allow":["GET"]}}],"collection":[{"href":"https:\/\/twodots.gr\/de\/wp-json\/wp\/v2\/product"}],"about":[{"href":"https:\/\/twodots.gr\/de\/wp-json\/wp\/v2\/types\/product"}],"replies":[{"embeddable":true,"href":"https:\/\/twodots.gr\/de\/wp-json\/wp\/v2\/comments?post=43876"}],"wp:featuredmedia":[{"embeddable":true,"href":"https:\/\/twodots.gr\/de\/wp-json\/wp\/v2\/media\/38378"}],"wp:attachment":[{"href":"https:\/\/twodots.gr\/de\/wp-json\/wp\/v2\/media?parent=43876"}],"wp:term":[{"taxonomy":"product_brand","embeddable":true,"href":"https:\/\/twodots.gr\/de\/wp-json\/wp\/v2\/product_brand?post=43876"},{"taxonomy":"product_cat","embeddable":true,"href":"https:\/\/twodots.gr\/de\/wp-json\/wp\/v2\/product_cat?post=43876"},{"taxonomy":"product_tag","embeddable":true,"href":"https:\/\/twodots.gr\/de\/wp-json\/wp\/v2\/product_tag?post=43876"}],"curies":[{"name":"wp","href":"https:\/\/api.w.org\/{rel}","templated":true}]}}