{"id":45207,"date":"2026-01-13T12:04:21","date_gmt":"2026-01-13T10:04:21","guid":{"rendered":"https:\/\/twodots.gr\/\u03c0\u03c1\u03bf\u03ca\u03cc\u03bd\u03c4\u03b1\/uncategorized\/creative-exoteriki-karta-ichou-sound-blaster-play-3\/"},"modified":"2026-04-02T20:40:41","modified_gmt":"2026-04-02T17:40:41","slug":"creative-exoteriki-karta-ichou-sound-blaster-play-3","status":"publish","type":"product","link":"https:\/\/twodots.gr\/de\/\u03c0\u03c1\u03bf\u03ca\u03cc\u03bd\u03c4\u03b1\/kartes-ichou\/creative-exoteriki-karta-ichou-sound-blaster-play-3\/","title":{"rendered":"CREATIVE Externe Sound Blaster Play 3 Audiokarte"},"content":{"rendered":"<p>Die externe Sound Blaster Play 3 Soundkarte von CREATIVE ist die ideale L\u00f6sung f\u00fcr alle, die sich eine bessere Klangqualit\u00e4t f\u00fcr ihren Computer w\u00fcnschen. Diese externe Soundkarte wurde f\u00fcr Profis und Musikbegeisterte entwickelt und liefert in jeder Anwendung eine hohe Klangtreue und Klarheit.<\/p>\n<ul>\n<li>Hervorragende Klangqualit\u00e4t bei Wiedergabe und Aufnahme.<\/li>\n<li>Einfacher Anschluss \u00fcber USB f\u00fcr den sofortigen Einsatz.<\/li>\n<li>Ideal f\u00fcr Spiele, Musikproduktion und Multimedia.<\/li>\n<li>Kompatibilit\u00e4t mit verschiedenen Betriebssystemen.<\/li>\n<\/ul>\n<p>Holen Sie sich noch heute die CREATIVE Sound Blaster Play 3 External Sound Card und verbessern Sie Ihr Audioerlebnis auf ein noch nie dagewesenes Niveau. Investieren Sie in die Qualit\u00e4t, die Sie verdienen!<\/p>","protected":false},"excerpt":{"rendered":"<p>Erweitern Sie Ihr Audioerlebnis mit der externen Sound Blaster Play 3 Soundkarte von Creative. Diese Karte ist ideal f\u00fcr die Verwendung mit Computern und tragbaren Ger\u00e4ten und verspricht eine Klangqualit\u00e4t, die das Beste aus Ihrer Musik und Ihren Medien herausholt.<\/p>","protected":false},"featured_media":45208,"comment_status":"open","ping_status":"open","template":"","meta":{"_gspb_post_css":""},"product_brand":[3520],"product_cat":[3521],"product_tag":[],"class_list":{"0":"post-45207","1":"product","2":"type-product","3":"status-publish","4":"has-post-thumbnail","6":"product_brand-creative","7":"product_cat-kartes-ichou","8":"pa_diathesimotita-anamenetai","9":"pa_eisodoi-mic-in-1-x-3-5-mm-jack4-pole-headphone-out-with-mic","10":"pa_engyisi-mines-3291","11":"pa_syndesi-usb","13":"first","14":"onbackorder","15":"taxable","16":"shipping-taxable","17":"purchasable","18":"product-type-simple"},"_links":{"self":[{"href":"https:\/\/twodots.gr\/de\/wp-json\/wp\/v2\/product\/45207","targetHints":{"allow":["GET"]}}],"collection":[{"href":"https:\/\/twodots.gr\/de\/wp-json\/wp\/v2\/product"}],"about":[{"href":"https:\/\/twodots.gr\/de\/wp-json\/wp\/v2\/types\/product"}],"replies":[{"embeddable":true,"href":"https:\/\/twodots.gr\/de\/wp-json\/wp\/v2\/comments?post=45207"}],"wp:featuredmedia":[{"embeddable":true,"href":"https:\/\/twodots.gr\/de\/wp-json\/wp\/v2\/media\/45208"}],"wp:attachment":[{"href":"https:\/\/twodots.gr\/de\/wp-json\/wp\/v2\/media?parent=45207"}],"wp:term":[{"taxonomy":"product_brand","embeddable":true,"href":"https:\/\/twodots.gr\/de\/wp-json\/wp\/v2\/product_brand?post=45207"},{"taxonomy":"product_cat","embeddable":true,"href":"https:\/\/twodots.gr\/de\/wp-json\/wp\/v2\/product_cat?post=45207"},{"taxonomy":"product_tag","embeddable":true,"href":"https:\/\/twodots.gr\/de\/wp-json\/wp\/v2\/product_tag?post=45207"}],"curies":[{"name":"wp","href":"https:\/\/api.w.org\/{rel}","templated":true}]}}