{"id":45356,"date":"2026-01-13T13:11:02","date_gmt":"2026-01-13T11:11:02","guid":{"rendered":"https:\/\/twodots.gr\/\u03c0\u03c1\u03bf\u03ca\u03cc\u03bd\u03c4\u03b1\/uncategorized\/kingston-memory-kf560c36bbe2k2-32-fury-beast-black-ddr5-6000mt-s-32gb-expo-kit-of-2\/"},"modified":"2026-04-02T21:02:01","modified_gmt":"2026-04-02T18:02:01","slug":"kingston-speicher-kf560c36bbe2k2-32-fury-beast-schwarz-ddr5-6000mt-s-32gb-expo-kit-von-2","status":"publish","type":"product","link":"https:\/\/twodots.gr\/de\/\u03c0\u03c1\u03bf\u03ca\u03cc\u03bd\u03c4\u03b1\/mnimes-ram\/kingston-memory-kf560c36bbe2k2-32-fury-beast-black-ddr5-6000mt-s-32gb-expo-kit-of-2\/","title":{"rendered":"KINGSTON Speicher KF560C36BBE2K2-32 FURY Beast Black DDR5, 6000MT\/s, 32GB EXPO KIT OF 2"},"content":{"rendered":"<p>KINGSTON Memory KF560C36BBE2K2-32 FURY Beast Black DDR5 ist die ideale Wahl f\u00fcr professionelle Anwender und begeisterte Gamer, die auf der Suche nach einem leistungsstarken Arbeitsspeicher sind. 32 GB und eine Geschwindigkeit von 6000 MT\/s gew\u00e4hrleisten eine hervorragende Leistung f\u00fcr anspruchsvolle Anwendungen und Spiele.<\/p>\n<ul>\n<li>Beeindruckende Arbeitsgeschwindigkeit von 6000MT\/s.<\/li>\n<li>Mit 32 GB RAM f\u00fcr anspruchsvolle Arbeits- und Spielumgebungen.<\/li>\n<li>Erh\u00e4ltlich als EXPO KIT OF 2, das eine hervorragende Zwei-Kanal-L\u00f6sung bietet.<\/li>\n<li>Schwarzes elegantes Design, das zu jedem System passt.<\/li>\n<\/ul>\n<p>Steigern Sie Ihre Rechenleistung mit KINGSTON FURY Beast und investieren Sie in ein Produkt, das die Leistung Ihres Systems f\u00f6rdert. Bestellen Sie jetzt und genie\u00dfen Sie un\u00fcbertroffene Geschwindigkeit und Zuverl\u00e4ssigkeit!<\/p>","protected":false},"excerpt":{"rendered":"<p>R\u00fcsten Sie Ihr System mit dem KINGSTON FURY Beast Black DDR5, 32GB EXPO KIT auf, das Geschwindigkeiten von bis zu 6000MT\/s bietet. Es ist ideal f\u00fcr anspruchsvolle Anwendungen und Spiele und verspricht hervorragende Leistung und Stabilit\u00e4t.<\/p>","protected":false},"featured_media":39488,"comment_status":"open","ping_status":"open","template":"","meta":{"_gspb_post_css":""},"product_brand":[3014],"product_cat":[3003],"product_tag":[],"class_list":{"0":"post-45356","1":"product","2":"type-product","3":"status-publish","4":"has-post-thumbnail","6":"product_brand-kingston","7":"product_cat-mnimes-ram","8":"pa_diathesimotita-periorismeni-diathesimotita","9":"pa_engyisi-mines-lifetime","11":"first","12":"instock","13":"taxable","14":"shipping-taxable","15":"purchasable","16":"product-type-simple"},"_links":{"self":[{"href":"https:\/\/twodots.gr\/de\/wp-json\/wp\/v2\/product\/45356","targetHints":{"allow":["GET"]}}],"collection":[{"href":"https:\/\/twodots.gr\/de\/wp-json\/wp\/v2\/product"}],"about":[{"href":"https:\/\/twodots.gr\/de\/wp-json\/wp\/v2\/types\/product"}],"replies":[{"embeddable":true,"href":"https:\/\/twodots.gr\/de\/wp-json\/wp\/v2\/comments?post=45356"}],"wp:featuredmedia":[{"embeddable":true,"href":"https:\/\/twodots.gr\/de\/wp-json\/wp\/v2\/media\/39488"}],"wp:attachment":[{"href":"https:\/\/twodots.gr\/de\/wp-json\/wp\/v2\/media?parent=45356"}],"wp:term":[{"taxonomy":"product_brand","embeddable":true,"href":"https:\/\/twodots.gr\/de\/wp-json\/wp\/v2\/product_brand?post=45356"},{"taxonomy":"product_cat","embeddable":true,"href":"https:\/\/twodots.gr\/de\/wp-json\/wp\/v2\/product_cat?post=45356"},{"taxonomy":"product_tag","embeddable":true,"href":"https:\/\/twodots.gr\/de\/wp-json\/wp\/v2\/product_tag?post=45356"}],"curies":[{"name":"wp","href":"https:\/\/api.w.org\/{rel}","templated":true}]}}