{"id":45450,"date":"2026-01-10T11:35:39","date_gmt":"2026-01-10T09:35:39","guid":{"rendered":"https:\/\/twodots.gr\/\u03c0\u03c1\u03bf\u03ca\u03cc\u03bd\u03c4\u03b1\/uncategorized\/lenovo-laptop-v15-g4-amn-156-fhd-r5-7520u-16gb-512gb-ssd-amd-radeon-graphics-win-11-pro-3y-car-business-black\/"},"modified":"2026-04-02T21:21:40","modified_gmt":"2026-04-02T18:21:40","slug":"lenovo-laptop-v15-g4-amn-156-fhd-r5-7520u-16gb-512gb-ssd-amd-radeon-graphics-win-11-pro-3y-car-business-schwarz","status":"publish","type":"product","link":"https:\/\/twodots.gr\/de\/\u03c0\u03c1\u03bf\u03ca\u03cc\u03bd\u03c4\u03b1\/laptops\/lenovo-laptop-v15-g4-amn-156-fhd-r5-7520u-16gb-512gb-ssd-amd-radeon-graphics-win-11-pro-3y-car-business-black\/","title":{"rendered":"LENOVO Laptop V15 G4 AMN 15,6&apos;&apos; FHD\/R5-7520U\/16GB\/512GB SSD\/AMD Radeon Grafik\/Win 11 Pro\/3Y CAR\/Business Schwarz"},"content":{"rendered":"<p>Entdecken Sie den LENOVO Laptop V15 G4 AMN, eine zuverl\u00e4ssige L\u00f6sung f\u00fcr Profis und Unternehmen, die nach starker Leistung und Flexibilit\u00e4t suchen. Mit einem 15,6-Zoll-FHD-Display, einem R5-7520U-Prozessor, 16 GB RAM und einer 512-GB-SSD sorgt dieses Notebook f\u00fcr einen reibungslosen Betrieb auch bei den anspruchsvollsten Anwendungen. Exzellente Leistung wird mit einem schlanken Business Black Design kombiniert, wodurch es sich ideal f\u00fcr jede Gesch\u00e4ftsumgebung eignet.<\/p>\n<ul>\n<li>15,6\u201d FHD-Bildschirm f\u00fcr kristallklare Anzeige.<\/li>\n<li>R5-7520U-Prozessor f\u00fcr hohe Leistung.<\/li>\n<li>16 GB RAM, die mehrere gleichzeitige Aufgaben unterst\u00fctzen.<\/li>\n<li>512 GB SSD f\u00fcr schnelles Laden und Speichern.<\/li>\n<li>AMD Radeon Graphics f\u00fcr hervorragende Grafikverarbeitung.<\/li>\n<li>Win 11 Pro-Betriebssystem f\u00fcr mehr Produktivit\u00e4t.<\/li>\n<li>3 Jahre CAR f\u00fcr Sicherheit und Support.<\/li>\n<li>Elegantes Business-Schwarz.<\/li>\n<\/ul>\n<p>W\u00e4hlen Sie den LENOVO Laptop V15 G4 AMN, um Ihr Berufsleben zu verbessern. Holen Sie es sich noch heute und genie\u00dfen Sie die perfekte Balance aus Leistung, Zuverl\u00e4ssigkeit und Stil.<\/p>","protected":false},"excerpt":{"rendered":"<p>Der LENOVO Laptop V15 G4 AMN ist mit einem R5-7520U-Prozessor, 16 GB RAM, 512 GB SSD und AMD Radeon Graphics ausgestattet und bietet hohe Leistung f\u00fcr den professionellen Einsatz. Mit einem 15,6\u201d-FHD-Display, Windows 11 Pro und einer 3-Jahres-Garantie ist es die ideale L\u00f6sung f\u00fcr Gesch\u00e4ftsleute, die Zuverl\u00e4ssigkeit und Stil in der Farbe Business Black suchen.<\/p>","protected":false},"featured_media":38150,"comment_status":"open","ping_status":"open","template":"","meta":{"_gspb_post_css":""},"product_brand":[430],"product_cat":[220],"product_tag":[],"class_list":{"0":"post-45450","1":"product","2":"type-product","3":"status-publish","4":"has-post-thumbnail","6":"product_brand-lenovo","7":"product_cat-laptops","8":"pa_analysi-1920-x-1080","9":"pa_bluetooth-nai","10":"pa_card-reader-ochi","11":"pa_diastasi-othonis-15-6","12":"pa_diathesimotita-diathesimo","13":"pa_diktyo-ethernet-10-100-1000-wi-fi-bluetooth","14":"pa_ekdosi-os-windows-11-pro-gr-en-64-bit","15":"pa_engyisi-mines-3292","16":"pa_epiprostheta-one-memory-soldered-to-systemboard-one-slot-dolby-audio-speakers-camera-with-privacy-shutter-greek-non-backlit-keyboard","17":"pa_ethernet-nai","18":"pa_gpu-ram-shared","19":"pa_hdmi-2555","20":"pa_kataskevastis-cpu-amd","21":"pa_oikogeneia-cpu-ryzen-5","22":"pa_panel-tn","23":"pa_typos-engyisis-on-site-pick-up-and-return","24":"pa_typos-gpu-ensomatomeni","25":"pa_web-camera-720p","26":"pa_wifi-wifi-6","27":"pa_ypodochi-audio-nai","29":"first","30":"instock","31":"taxable","32":"shipping-taxable","33":"purchasable","34":"product-type-simple"},"_links":{"self":[{"href":"https:\/\/twodots.gr\/de\/wp-json\/wp\/v2\/product\/45450","targetHints":{"allow":["GET"]}}],"collection":[{"href":"https:\/\/twodots.gr\/de\/wp-json\/wp\/v2\/product"}],"about":[{"href":"https:\/\/twodots.gr\/de\/wp-json\/wp\/v2\/types\/product"}],"replies":[{"embeddable":true,"href":"https:\/\/twodots.gr\/de\/wp-json\/wp\/v2\/comments?post=45450"}],"wp:featuredmedia":[{"embeddable":true,"href":"https:\/\/twodots.gr\/de\/wp-json\/wp\/v2\/media\/38150"}],"wp:attachment":[{"href":"https:\/\/twodots.gr\/de\/wp-json\/wp\/v2\/media?parent=45450"}],"wp:term":[{"taxonomy":"product_brand","embeddable":true,"href":"https:\/\/twodots.gr\/de\/wp-json\/wp\/v2\/product_brand?post=45450"},{"taxonomy":"product_cat","embeddable":true,"href":"https:\/\/twodots.gr\/de\/wp-json\/wp\/v2\/product_cat?post=45450"},{"taxonomy":"product_tag","embeddable":true,"href":"https:\/\/twodots.gr\/de\/wp-json\/wp\/v2\/product_tag?post=45450"}],"curies":[{"name":"wp","href":"https:\/\/api.w.org\/{rel}","templated":true}]}}