{"id":46706,"date":"2026-01-31T01:21:39","date_gmt":"2026-01-30T23:21:39","guid":{"rendered":"https:\/\/twodots.gr\/\u03c0\u03c1\u03bf\u03ca\u03cc\u03bd\u03c4\u03b1\/uncategorized\/lenovo-pc-thinkcentre-neo-50t-g6-ultra7-265-32gb-1tb-ssd-intel-uhd-graphics-dvd%c2%b1rw-w11p-5y-nbd-black\/"},"modified":"2026-04-02T21:17:09","modified_gmt":"2026-04-02T18:17:09","slug":"lenovo-pc-thinkcentre-neo-50t-g6-ultra7-265-32gb-1tb-ssd-intel-uhd-grafik-dvd%c2%b1rw-w11p-5y-nbd-schwarz","status":"publish","type":"product","link":"https:\/\/twodots.gr\/de\/\u03c0\u03c1\u03bf\u03ca\u03cc\u03bd\u03c4\u03b1\/etoima-systimata-desktop\/lenovo-pc-thinkcentre-neo-50t-g6-ultra7-265-32gb-1tb-ssd-intel-uhd-graphics-dvd%c2%b1rw-w11p-5y-nbd-black\/","title":{"rendered":"LENOVO PC ThinkCentre neo 50t G6\/Ultra7-265\/32GB\/1TB SSD\/Intel UHD Grafik\/DVD\u00b1RW\/W11P\/5Y NBD\/Schwarz"},"content":{"rendered":"<p>Der LENOVO PC ThinkCentre neo 50t G6 ist die ideale L\u00f6sung f\u00fcr professionelle Anwender, die Wert auf hohe Leistung und Zuverl\u00e4ssigkeit legen. Ausgestattet mit dem Ultra7-265-Prozessor, 32 GB RAM und einer 1 TB SSD-Festplatte bietet er hervorragende Leistung f\u00fcr anspruchsvolle Anwendungen. Seine schwarze Oberfl\u00e4che und die Unterst\u00fctzung von Windows 11 Pro machen diesen Desktop-PC zu einer eleganten und funktionalen Erg\u00e4nzung f\u00fcr jeden Arbeitsplatz.<\/p>\n<ul>\n<li>Leistungsstarker Ultra7-265-Prozessor f\u00fcr anspruchsvolle Aufgaben.<\/li>\n<li>Gro\u00dfer 32-GB-RAM-Speicher, der mehrere Funktionen gleichzeitig unterst\u00fctzt.<\/li>\n<li>1TB SSD-Speicher f\u00fcr schnellen Zugriff auf Ihre Dateien.<\/li>\n<li>Intel UHD-Grafikkarte f\u00fcr ein dynamisches visuelles Erlebnis.<\/li>\n<li>DVD\u00b1RW f\u00fcr eine einfache Verwaltung der optischen Medien.<\/li>\n<li>Das installierte Betriebssystem Windows 11 Pro sorgt f\u00fcr mehr Produktivit\u00e4t.<\/li>\n<li>5 Jahre NBD-Garantie (Next Business Day) f\u00fcr absolute Sorgenfreiheit.<\/li>\n<\/ul>\n<p>Entscheiden Sie sich f\u00fcr das Lenovo ThinkCentre neo 50t G6 f\u00fcr Ihr Unternehmen und sorgen Sie jeden Tag f\u00fcr ein hervorragendes Computererlebnis! Holen Sie es jetzt und erweitern Sie die M\u00f6glichkeiten Ihres Unternehmens.<\/p>","protected":false},"excerpt":{"rendered":"<p>Entdecken Sie den LENOVO PC ThinkCentre neo 50t G6 mit Ultra7-265 CPU, 32GB RAM und 1TB SSD f\u00fcr unschlagbare Leistung. Mit Intel UHD-Grafik, integriertem optischen DVD\u00b1RW-Laufwerk und Windows 11 Pro. Holen Sie es sich mit 5 Jahren Next Business Day-Support.<\/p>","protected":false},"featured_media":46707,"comment_status":"open","ping_status":"open","template":"","meta":{"_gspb_post_css":""},"product_brand":[430],"product_cat":[415],"product_tag":[],"class_list":{"0":"post-46706","1":"product","2":"type-product","3":"status-publish","4":"has-post-thumbnail","6":"product_brand-lenovo","7":"product_cat-etoima-systimata-desktop","8":"pa_bluetooth-ochi","9":"pa_card-reader-nai","10":"pa_diathesimotita-diathesimo","11":"pa_diktyo-ethernet-10-100-1000","12":"pa_ekdosi-os-windows-11-pro-en-gr-64-bit","13":"pa_engyisi-mines-3293","14":"pa_ethernet-nai","15":"pa_gpu-ram-shared","16":"pa_hdmi-2555","17":"pa_kataskevastis-cpu-intel","18":"pa_oikogeneia-cpu-core-ultra-7","19":"pa_typos-engyisis-60-months-on-site-response-next-business-day","20":"pa_ypodochi-audio-nai","22":"first","23":"instock","24":"taxable","25":"shipping-taxable","26":"purchasable","27":"product-type-simple"},"_links":{"self":[{"href":"https:\/\/twodots.gr\/de\/wp-json\/wp\/v2\/product\/46706","targetHints":{"allow":["GET"]}}],"collection":[{"href":"https:\/\/twodots.gr\/de\/wp-json\/wp\/v2\/product"}],"about":[{"href":"https:\/\/twodots.gr\/de\/wp-json\/wp\/v2\/types\/product"}],"replies":[{"embeddable":true,"href":"https:\/\/twodots.gr\/de\/wp-json\/wp\/v2\/comments?post=46706"}],"wp:featuredmedia":[{"embeddable":true,"href":"https:\/\/twodots.gr\/de\/wp-json\/wp\/v2\/media\/46707"}],"wp:attachment":[{"href":"https:\/\/twodots.gr\/de\/wp-json\/wp\/v2\/media?parent=46706"}],"wp:term":[{"taxonomy":"product_brand","embeddable":true,"href":"https:\/\/twodots.gr\/de\/wp-json\/wp\/v2\/product_brand?post=46706"},{"taxonomy":"product_cat","embeddable":true,"href":"https:\/\/twodots.gr\/de\/wp-json\/wp\/v2\/product_cat?post=46706"},{"taxonomy":"product_tag","embeddable":true,"href":"https:\/\/twodots.gr\/de\/wp-json\/wp\/v2\/product_tag?post=46706"}],"curies":[{"name":"wp","href":"https:\/\/api.w.org\/{rel}","templated":true}]}}