{"id":58782,"date":"2026-04-03T18:58:41","date_gmt":"2026-04-03T15:58:41","guid":{"rendered":"https:\/\/twodots.gr\/\u03c0\u03c1\u03bf\u03ca\u03cc\u03bd\u03c4\u03b1\/uncategorized\/lenovo-laptop-thinkpad-l13-g6-13-3-wuxga-ips-ultra7-255u-32gb-1tb-ssd-intel-graphics-win-11-pro-3y-nbd-black-2\/"},"modified":"2026-04-06T12:19:06","modified_gmt":"2026-04-06T09:19:06","slug":"lenovo-laptop-thinkpad-l13-g6-13-3-wuxga-ips-ultra7-255u-32gb-1tb-ssd-intel-graphics-win-11-pro-3y-nbd-black-2","status":"publish","type":"product","link":"https:\/\/twodots.gr\/de\/\u03c0\u03c1\u03bf\u03ca\u03cc\u03bd\u03c4\u03b1\/ypologistes-smartphones\/laptop\/lenovo-laptop-thinkpad-l13-g6-13-3-wuxga-ips-ultra7-255u-32gb-1tb-ssd-intel-graphics-win-11-pro-3y-nbd-black-2\/","title":{"rendered":"LENOVO Laptop ThinkPad L13 G6 13.3&#8221; WUXGA IPS\/Ultra7-255U\/32GB\/1TB SSD\/Intel Graphics\/Win 11 Pro\/3Y NBD\/Black"},"content":{"rendered":"<p>\u03a4\u03bf Lenovo Laptop ThinkPad L13 G6 \u03c3\u03c5\u03bd\u03b4\u03c5\u03ac\u03b6\u03b5\u03b9 \u03ba\u03bf\u03c1\u03c5\u03c6\u03b1\u03af\u03b5\u03c2 \u03b5\u03c0\u03b9\u03b4\u03cc\u03c3\u03b5\u03b9\u03c2 \u03ba\u03b1\u03b9 \u03b5\u03c5\u03b5\u03bb\u03b9\u03be\u03af\u03b1, \u03ba\u03b1\u03b8\u03b9\u03c3\u03c4\u03ce\u03bd\u03c4\u03b1\u03c2 \u03c4\u03bf \u03b9\u03b4\u03b1\u03bd\u03b9\u03ba\u03cc \u03b3\u03b9\u03b1 \u03b5\u03c0\u03b1\u03b3\u03b3\u03b5\u03bb\u03bc\u03b1\u03c4\u03af\u03b5\u03c2 \u03c0\u03bf\u03c5 \u03b1\u03bd\u03b1\u03b6\u03b7\u03c4\u03bf\u03cd\u03bd \u03b1\u03be\u03b9\u03bf\u03c0\u03b9\u03c3\u03c4\u03af\u03b1 \u03ba\u03b1\u03b9 \u03c6\u03bf\u03c1\u03b7\u03c4\u03cc\u03c4\u03b7\u03c4\u03b1. \u039c\u03b5 \u03c4\u03b7\u03bd \u03b9\u03c3\u03c7\u03c5\u03c1\u03ae \u03b1\u03c0\u03cc\u03b4\u03bf\u03c3\u03b7 \u03c4\u03bf\u03c5 Ultra7-255U \u03b5\u03c0\u03b5\u03be\u03b5\u03c1\u03b3\u03b1\u03c3\u03c4\u03ae, 32GB RAM \u03ba\u03b1\u03b9 \u03b5\u03be\u03b1\u03b9\u03c1\u03b5\u03c4\u03b9\u03ba\u03ae \u03b1\u03c0\u03bf\u03b8\u03ae\u03ba\u03b5\u03c5\u03c3\u03b7 1TB SSD, \u03b5\u03b3\u03b3\u03c5\u03ac\u03c4\u03b1\u03b9 \u03b3\u03c1\u03ae\u03b3\u03bf\u03c1\u03b7 \u03ba\u03b1\u03b9 \u03b1\u03c0\u03bf\u03c4\u03b5\u03bb\u03b5\u03c3\u03bc\u03b1\u03c4\u03b9\u03ba\u03ae \u03b4\u03b9\u03b1\u03c7\u03b5\u03af\u03c1\u03b9\u03c3\u03b7 \u03b5\u03c1\u03b3\u03b1\u03c3\u03b9\u03ce\u03bd.<\/p>\n<ul>\n<li>\u039f\u03b8\u03cc\u03bd\u03b7 13.3&#8221; WUXGA IPS \u03b3\u03b9\u03b1 \u03ba\u03b1\u03b8\u03b1\u03c1\u03ad\u03c2 \u03ba\u03b1\u03b9 \u03b6\u03c9\u03bd\u03c4\u03b1\u03bd\u03ad\u03c2 \u03b1\u03c0\u03b5\u03b9\u03ba\u03bf\u03bd\u03af\u03c3\u03b5\u03b9\u03c2.<\/li>\n<li>\u0395\u03c0\u03b5\u03be\u03b5\u03c1\u03b3\u03b1\u03c3\u03c4\u03ae\u03c2 Ultra7-255U \u03c0\u03bf\u03c5 \u03c0\u03c1\u03bf\u03c3\u03c6\u03ad\u03c1\u03b5\u03b9 \u03b9\u03c3\u03c7\u03c5\u03c1\u03ae \u03c5\u03c0\u03bf\u03bb\u03bf\u03b3\u03b9\u03c3\u03c4\u03b9\u03ba\u03ae \u03b9\u03c3\u03c7\u03cd.<\/li>\n<li>\u039c\u03b5\u03b3\u03ac\u03bb\u03b7 RAM 32GB \u03b3\u03b9\u03b1 \u03c0\u03bf\u03bb\u03bb\u03b1\u03c0\u03bb\u03ad\u03c2 \u03b5\u03c1\u03b3\u03b1\u03c3\u03af\u03b5\u03c2 \u03c7\u03c9\u03c1\u03af\u03c2 \u03ba\u03b1\u03b8\u03c5\u03c3\u03c4\u03b5\u03c1\u03ae\u03c3\u03b5\u03b9\u03c2.<\/li>\n<li>1TB SSD-Speicher f\u00fcr schnellen Zugriff auf Dateien und Anwendungen.<\/li>\n<li>Enth\u00e4lt Windows 11 Pro f\u00fcr verbesserte Produktivit\u00e4t und Sicherheit.<\/li>\n<li>\u0395\u03be\u03bf\u03c0\u03bb\u03b9\u03c3\u03bc\u03ad\u03bd\u03bf \u03bc\u03b5 Intel Graphics \u03b3\u03b9\u03b1 \u03c5\u03c8\u03b7\u03bb\u03ae \u03b1\u03c0\u03cc\u03b4\u03bf\u03c3\u03b7 \u03b3\u03c1\u03b1\u03c6\u03b9\u03ba\u03ce\u03bd.<\/li>\n<li>3\u03b5\u03c4\u03ae\u03c2 \u03b5\u03b3\u03b3\u03cd\u03b7\u03c3\u03b7 NBD \u03b3\u03b9\u03b1 \u03b1\u03be\u03b5\u03c0\u03ad\u03c1\u03b1\u03c3\u03c4\u03b7 \u03b1\u03be\u03b9\u03bf\u03c0\u03b9\u03c3\u03c4\u03af\u03b1.<\/li>\n<\/ul>\n<p>\u0395\u03c0\u03b5\u03bd\u03b4\u03cd\u03c3\u03c4\u03b5 \u03c3\u03c4\u03bf Lenovo ThinkPad L13 G6 \u03b3\u03b9\u03b1 \u03bd\u03b1 \u03b1\u03c0\u03bf\u03bb\u03b1\u03cd\u03c3\u03b5\u03c4\u03b5 \u03c4\u03b7\u03bd \u03b1\u03c0\u03cc\u03bb\u03c5\u03c4\u03b7 \u03b5\u03bc\u03c0\u03b5\u03b9\u03c1\u03af\u03b1 \u03c6\u03bf\u03c1\u03b7\u03c4\u03bf\u03cd \u03c5\u03c0\u03bf\u03bb\u03bf\u03b3\u03b9\u03c3\u03c4\u03ae, \u03c0\u03bf\u03c5 \u03c3\u03c5\u03bd\u03b4\u03c5\u03ac\u03b6\u03b5\u03b9 \u03c0\u03c1\u03c9\u03c4\u03bf\u03c0\u03bf\u03c1\u03b9\u03b1\u03ba\u03ae \u03c4\u03b5\u03c7\u03bd\u03bf\u03bb\u03bf\u03b3\u03af\u03b1 \u03ba\u03b1\u03b9 \u03ba\u03bf\u03bc\u03c8\u03cc \u03c3\u03c7\u03b5\u03b4\u03b9\u03b1\u03c3\u03bc\u03cc. \u0391\u03c0\u03bf\u03ba\u03c4\u03ae\u03c3\u03c4\u03b5 \u03c4\u03bf \u03c3\u03ae\u03bc\u03b5\u03c1\u03b1 \u03ba\u03b1\u03b9 \u03b1\u03bd\u03b1\u03ba\u03b1\u03bb\u03cd\u03c8\u03c4\u03b5 \u03ad\u03bd\u03b1 \u03bd\u03ad\u03bf \u03b5\u03c0\u03af\u03c0\u03b5\u03b4\u03bf \u03b1\u03c0\u03cc\u03b4\u03bf\u03c3\u03b7\u03c2 \u03ba\u03b1\u03b9 \u03b5\u03c5\u03ba\u03bf\u03bb\u03af\u03b1\u03c2.<\/p>","protected":false},"excerpt":{"rendered":"<p>\u0391\u03bd\u03b1\u03b2\u03b1\u03b8\u03bc\u03af\u03c3\u03c4\u03b5 \u03c4\u03b7\u03bd \u03c0\u03b1\u03c1\u03b1\u03b3\u03c9\u03b3\u03b9\u03ba\u03cc\u03c4\u03b7\u03c4\u03ac \u03c3\u03b1\u03c2 \u03bc\u03b5 \u03c4\u03bf Lenovo Laptop ThinkPad L13 G6, \u03b5\u03be\u03bf\u03c0\u03bb\u03b9\u03c3\u03bc\u03ad\u03bd\u03bf \u03bc\u03b5 \u03bf\u03b8\u03cc\u03bd\u03b7 13.3&#8221; WUXGA IPS, \u03b5\u03c0\u03b5\u03be\u03b5\u03c1\u03b3\u03b1\u03c3\u03c4\u03ae Ultra7-255U, 32GB RAM \u03ba\u03b1\u03b9 1TB SSD. \u0391\u03c0\u03bf\u03bb\u03b1\u03cd\u03c3\u03c4\u03b5 \u03b1\u03be\u03b9\u03cc\u03c0\u03b9\u03c3\u03c4\u03b7 \u03b1\u03c0\u03cc\u03b4\u03bf\u03c3\u03b7 \u03bc\u03b5 Windows 11 Pro \u03c3\u03b5 \u03ba\u03bf\u03bc\u03c8\u03cc \u03bc\u03b1\u03cd\u03c1\u03bf \u03c7\u03c1\u03ce\u03bc\u03b1 \u03ba\u03b1\u03b9 \u03b5\u03c0\u03c9\u03c6\u03b5\u03bb\u03b7\u03b8\u03b5\u03af\u03c4\u03b5 \u03b1\u03c0\u03cc \u03c4\u03b7\u03bd \u03b5\u03b3\u03b3\u03cd\u03b7\u03c3\u03b7 3 \u03b5\u03c4\u03ce\u03bd NBD.<\/p>","protected":false},"featured_media":38762,"comment_status":"closed","ping_status":"open","template":"","meta":{"_gspb_post_css":""},"product_brand":[430],"product_cat":[5357,3488],"product_tag":[],"class_list":{"0":"post-58782","1":"product","2":"type-product","3":"status-publish","4":"has-post-thumbnail","6":"product_brand-lenovo","7":"product_cat-laptop","8":"product_cat-ypologistes-smartphones","9":"pa_analysi-1920-x-1200","10":"pa_apothikeftikos-choros-1tb-m-2-ssd","11":"pa_bluetooth-nai","12":"pa_brand-lenovo","13":"pa_choritikotita-1tb","14":"pa_cpu-core-ultra-7","15":"pa_diastasi-othonis-13-3","16":"pa_diathesimotita-diathesimo","17":"pa_ethernet-nai","18":"pa_karta-grafikon-graphics","19":"pa_katastasi-kainourio","20":"pa_leitourgiko-systima-windows-11-pro","21":"pa_mnimi-32gb","22":"pa_montelo-cpu-255u","23":"pa_rythmos-ananeosis-60hz","24":"pa_typos-panel-ips","25":"pa_wifi-wi-fi-6e","27":"first","28":"instock","29":"taxable","30":"shipping-taxable","31":"purchasable","32":"product-type-simple"},"_links":{"self":[{"href":"https:\/\/twodots.gr\/de\/wp-json\/wp\/v2\/product\/58782","targetHints":{"allow":["GET"]}}],"collection":[{"href":"https:\/\/twodots.gr\/de\/wp-json\/wp\/v2\/product"}],"about":[{"href":"https:\/\/twodots.gr\/de\/wp-json\/wp\/v2\/types\/product"}],"replies":[{"embeddable":true,"href":"https:\/\/twodots.gr\/de\/wp-json\/wp\/v2\/comments?post=58782"}],"wp:featuredmedia":[{"embeddable":true,"href":"https:\/\/twodots.gr\/de\/wp-json\/wp\/v2\/media\/38762"}],"wp:attachment":[{"href":"https:\/\/twodots.gr\/de\/wp-json\/wp\/v2\/media?parent=58782"}],"wp:term":[{"taxonomy":"product_brand","embeddable":true,"href":"https:\/\/twodots.gr\/de\/wp-json\/wp\/v2\/product_brand?post=58782"},{"taxonomy":"product_cat","embeddable":true,"href":"https:\/\/twodots.gr\/de\/wp-json\/wp\/v2\/product_cat?post=58782"},{"taxonomy":"product_tag","embeddable":true,"href":"https:\/\/twodots.gr\/de\/wp-json\/wp\/v2\/product_tag?post=58782"}],"curies":[{"name":"wp","href":"https:\/\/api.w.org\/{rel}","templated":true}]}}